{"id":52,"date":"2012-12-27T14:45:12","date_gmt":"2012-12-27T13:45:12","guid":{"rendered":"http:\/\/dodge-trucks.de\/?page_id=52"},"modified":"2013-06-11T15:03:06","modified_gmt":"2013-06-11T14:03:06","slug":"impressum-kontakt","status":"publish","type":"page","link":"https:\/\/dodge-trucks.de\/?page_id=52","title":{"rendered":"Impressum\/Kontakt"},"content":{"rendered":"<p>Dodge Trucks Germany<\/p>\n<p>&nbsp;<\/p>\n<p>Vertreten durch:<\/p>\n<p>&nbsp;<\/p>\n<p>Andreas N\u00f6ker<\/p>\n<p>Koblenzer Str. 18<\/p>\n<p>57610 Altenkirchen<\/p>\n<p>Email: info@dodge-trucks.de<\/p>\n<p>Internet: www.dodge-trucks.de<\/p>\n<p>Inhaltlich Verantwortlicher gem\u00e4\u00df \u00a7 6 MDStV: Andreas N\u00f6ker<\/p>\n<p>Haftungshinweis: Trotz sorgf\u00e4ltiger inhaltlicher Kontrolle \u00fcbernehmen wir keine Haftung f\u00fcr die Inhalte externer Links. F\u00fcr den Inhalt der verlinkten Seiten sind ausschlie\u00dflich deren Betreiber verantwortlich.<\/p>\n<p>Copyright: Dodge-Trucks.de ist Inhaber aller Urheberrechte an den ver\u00f6ffentlichten Beitr\u00e4gen. Jegliche (auch teilweise) Vervielf\u00e4ltigung, Verbreitung, Bearbeitung oder Umgestaltung sowie jede sonstige Nutzung bedarf der vorherigen schriftlichen Zustimmung der DeTeSat. Dies gilt insbesondere f\u00fcr die Nutzung in Printmedien, Online-Diensten sowie die Nutzung auf Datentr\u00e4gern jeder Art und elektronischen Tr\u00e4germedien wie CD-ROM, ungeachtet der \u00dcbertragungs-, Tr\u00e4ger und Speichertechniken. Hiervon ausgenommen ist die Nutzung zum pers\u00f6nlichen, nicht kommerziellen Gebrauch durch Speicherung auf einen Datentr\u00e4ger, z.B. durch Download.<\/p>\n<p>&nbsp;<\/p>\n<p>&nbsp;<\/p>\n","protected":false},"excerpt":{"rendered":"<p>Dodge Trucks Germany &nbsp; Vertreten durch: &nbsp; Andreas N\u00f6ker Koblenzer Str. 18 57610 Altenkirchen Email: info@dodge-trucks.de Internet: www.dodge-trucks.de Inhaltlich Verantwortlicher gem\u00e4\u00df \u00a7 6 MDStV: Andreas N\u00f6ker Haftungshinweis: Trotz sorgf\u00e4ltiger inhaltlicher Kontrolle \u00fcbernehmen wir keine Haftung f\u00fcr die Inhalte externer Links. &hellip; <a href=\"https:\/\/dodge-trucks.de\/?page_id=52\">Weiterlesen <span class=\"meta-nav\">&rarr;<\/span><\/a><\/p>\n","protected":false},"author":3,"featured_media":0,"parent":0,"menu_order":6,"comment_status":"open","ping_status":"closed","template":"","meta":{"footnotes":""},"class_list":["post-52","page","type-page","status-publish","hentry"],"_links":{"self":[{"href":"https:\/\/dodge-trucks.de\/index.php?rest_route=\/wp\/v2\/pages\/52","targetHints":{"allow":["GET"]}}],"collection":[{"href":"https:\/\/dodge-trucks.de\/index.php?rest_route=\/wp\/v2\/pages"}],"about":[{"href":"https:\/\/dodge-trucks.de\/index.php?rest_route=\/wp\/v2\/types\/page"}],"author":[{"embeddable":true,"href":"https:\/\/dodge-trucks.de\/index.php?rest_route=\/wp\/v2\/users\/3"}],"replies":[{"embeddable":true,"href":"https:\/\/dodge-trucks.de\/index.php?rest_route=%2Fwp%2Fv2%2Fcomments&post=52"}],"version-history":[{"count":8,"href":"https:\/\/dodge-trucks.de\/index.php?rest_route=\/wp\/v2\/pages\/52\/revisions"}],"predecessor-version":[{"id":460,"href":"https:\/\/dodge-trucks.de\/index.php?rest_route=\/wp\/v2\/pages\/52\/revisions\/460"}],"wp:attachment":[{"href":"https:\/\/dodge-trucks.de\/index.php?rest_route=%2Fwp%2Fv2%2Fmedia&parent=52"}],"curies":[{"name":"wp","href":"https:\/\/api.w.org\/{rel}","templated":true}]}}