{"id":462,"date":"2013-01-14T10:47:51","date_gmt":"2013-01-14T09:47:51","guid":{"rendered":"http:\/\/dodge-trucks.de\/?page_id=462"},"modified":"2016-03-07T18:01:56","modified_gmt":"2016-03-07T17:01:56","slug":"dodge-k1050-hcb-angus","status":"publish","type":"page","link":"https:\/\/dodge-trucks.de\/?page_id=462","title":{"rendered":"1976er Dodge K1050 HCB Angus"},"content":{"rendered":"<p>Eigentlich wollte mein Chef nen Jupiter kaufen. Na ja bei dem H\u00e4ndler stand dann noch das hier:<\/p>\n<p><a href=\"https:\/\/dodge-trucks.de\/wp-content\/uploads\/2013\/01\/qujoMW0KGrHgoOKkUEjlLmTeZqBKi8wyItg_27.jpg\"><img loading=\"lazy\" decoding=\"async\" class=\"aligncenter size-full wp-image-463\" title=\"qujoMW0KGrHgoOKkUEjlLmTeZqBKi8wyItg_27\" src=\"https:\/\/dodge-trucks.de\/wp-content\/uploads\/2013\/01\/qujoMW0KGrHgoOKkUEjlLmTeZqBKi8wyItg_27.jpg\" alt=\"\" width=\"640\" height=\"480\" srcset=\"https:\/\/dodge-trucks.de\/wp-content\/uploads\/2013\/01\/qujoMW0KGrHgoOKkUEjlLmTeZqBKi8wyItg_27.jpg 640w, https:\/\/dodge-trucks.de\/wp-content\/uploads\/2013\/01\/qujoMW0KGrHgoOKkUEjlLmTeZqBKi8wyItg_27-300x225.jpg 300w, https:\/\/dodge-trucks.de\/wp-content\/uploads\/2013\/01\/qujoMW0KGrHgoOKkUEjlLmTeZqBKi8wyItg_27-400x300.jpg 400w\" sizes=\"auto, (max-width: 640px) 100vw, 640px\" \/><\/a>Da ich zu dem Zeitpunkt nur wusste das es da 6 Verschiedene Motoren f\u00fcr gab wollte ich beim Jupiter ansehen Mitfahren. Bei der Besichtigung stellte sich das raus das wir den st\u00e4rksten Motor verbaut hatten. 510 cui V8 Perkins Diesel mit 185Ps und 572Nm Drehmoment dazu ein Fuller 6 Gang Schaltgetriebe und eine 2 Gang Hinterachse! Die Angst vor einer Wanderd\u00fcne wie es ja viele deutsche Feuerwehrfahrzeuge aus dem Baujahr sind war dahin! ER lief knapp 120!<\/p>\n<p>Nach l\u00e4ngeren Verkaufsgespr\u00e4chen konnte wir einen f\u00fcr alle sehr guten Deal ausmachen und ich kaufte ihn!<\/p>\n<p>Da dem deutschen T\u00fcv das Tagesleuchtrot nicht gefallen hat musste ich das Lackkonzept noch \u00e4ndern! Okay das bekam ich dann hin!<\/p>\n<p><a href=\"https:\/\/dodge-trucks.de\/wp-content\/uploads\/2013\/01\/SAM_0057.jpg\"><img loading=\"lazy\" decoding=\"async\" class=\"aligncenter size-full wp-image-499\" title=\"SAM_0057\" src=\"https:\/\/dodge-trucks.de\/wp-content\/uploads\/2013\/01\/SAM_0057.jpg\" alt=\"\" width=\"800\" height=\"600\" srcset=\"https:\/\/dodge-trucks.de\/wp-content\/uploads\/2013\/01\/SAM_0057.jpg 800w, https:\/\/dodge-trucks.de\/wp-content\/uploads\/2013\/01\/SAM_0057-300x225.jpg 300w, https:\/\/dodge-trucks.de\/wp-content\/uploads\/2013\/01\/SAM_0057-400x300.jpg 400w\" sizes=\"auto, (max-width: 800px) 100vw, 800px\" \/><\/a><a href=\"https:\/\/dodge-trucks.de\/wp-content\/uploads\/2013\/01\/SAM_0058.jpg\"><img loading=\"lazy\" decoding=\"async\" class=\"aligncenter size-full wp-image-498\" title=\"SAM_0058\" src=\"https:\/\/dodge-trucks.de\/wp-content\/uploads\/2013\/01\/SAM_0058.jpg\" alt=\"\" width=\"800\" height=\"600\" srcset=\"https:\/\/dodge-trucks.de\/wp-content\/uploads\/2013\/01\/SAM_0058.jpg 800w, https:\/\/dodge-trucks.de\/wp-content\/uploads\/2013\/01\/SAM_0058-300x225.jpg 300w, https:\/\/dodge-trucks.de\/wp-content\/uploads\/2013\/01\/SAM_0058-400x300.jpg 400w\" sizes=\"auto, (max-width: 800px) 100vw, 800px\" \/><\/a>Seitdem hatte ich echt viel Spa\u00df mit dem Angus. Verbauch zwischen 20-25l Diesel und Platz satt!<\/p>\n<p>&nbsp;<\/p>\n\n\t\t<style type=\"text\/css\">\n\t\t\t#gallery-1 {\n\t\t\t\tmargin: auto;\n\t\t\t}\n\t\t\t#gallery-1 .gallery-item {\n\t\t\t\tfloat: left;\n\t\t\t\tmargin-top: 10px;\n\t\t\t\ttext-align: center;\n\t\t\t\twidth: 25%;\n\t\t\t}\n\t\t\t#gallery-1 img {\n\t\t\t\tborder: 2px solid #cfcfcf;\n\t\t\t}\n\t\t\t#gallery-1 .gallery-caption {\n\t\t\t\tmargin-left: 0;\n\t\t\t}\n\t\t\t\/* see gallery_shortcode() in wp-includes\/media.php *\/\n\t\t<\/style>\n\t\t<div id='gallery-1' class='gallery galleryid-462 gallery-columns-4 gallery-size-thumbnail'><dl class='gallery-item'>\n\t\t\t<dt class='gallery-icon landscape'>\n\t\t\t\t<a href='https:\/\/dodge-trucks.de\/wp-content\/uploads\/2013\/01\/qujoMW0KGrHgoOKkUEjlLmTeZqBKi8wyItg_27.jpg'><img loading=\"lazy\" decoding=\"async\" width=\"150\" height=\"150\" src=\"https:\/\/dodge-trucks.de\/wp-content\/uploads\/2013\/01\/qujoMW0KGrHgoOKkUEjlLmTeZqBKi8wyItg_27-150x150.jpg\" class=\"attachment-thumbnail size-thumbnail\" alt=\"\" \/><\/a>\n\t\t\t<\/dt><\/dl><dl class='gallery-item'>\n\t\t\t<dt class='gallery-icon landscape'>\n\t\t\t\t<a href='https:\/\/dodge-trucks.de\/wp-content\/uploads\/2013\/01\/DSCF8053.jpg'><img loading=\"lazy\" decoding=\"async\" width=\"150\" height=\"150\" src=\"https:\/\/dodge-trucks.de\/wp-content\/uploads\/2013\/01\/DSCF8053-150x150.jpg\" class=\"attachment-thumbnail size-thumbnail\" alt=\"\" \/><\/a>\n\t\t\t<\/dt><\/dl><dl class='gallery-item'>\n\t\t\t<dt class='gallery-icon landscape'>\n\t\t\t\t<a href='https:\/\/dodge-trucks.de\/wp-content\/uploads\/2013\/01\/DSCF8055.jpg'><img loading=\"lazy\" decoding=\"async\" width=\"150\" height=\"150\" src=\"https:\/\/dodge-trucks.de\/wp-content\/uploads\/2013\/01\/DSCF8055-150x150.jpg\" class=\"attachment-thumbnail size-thumbnail\" alt=\"\" \/><\/a>\n\t\t\t<\/dt><\/dl><dl class='gallery-item'>\n\t\t\t<dt class='gallery-icon landscape'>\n\t\t\t\t<a href='https:\/\/dodge-trucks.de\/wp-content\/uploads\/2013\/01\/DSCF8056.jpg'><img loading=\"lazy\" decoding=\"async\" width=\"150\" height=\"150\" src=\"https:\/\/dodge-trucks.de\/wp-content\/uploads\/2013\/01\/DSCF8056-150x150.jpg\" class=\"attachment-thumbnail size-thumbnail\" alt=\"\" \/><\/a>\n\t\t\t<\/dt><\/dl><br style=\"clear: both\" \/><dl class='gallery-item'>\n\t\t\t<dt class='gallery-icon landscape'>\n\t\t\t\t<a href='https:\/\/dodge-trucks.de\/wp-content\/uploads\/2013\/01\/DSCF8059.jpg'><img loading=\"lazy\" decoding=\"async\" width=\"150\" height=\"150\" src=\"https:\/\/dodge-trucks.de\/wp-content\/uploads\/2013\/01\/DSCF8059-150x150.jpg\" class=\"attachment-thumbnail size-thumbnail\" alt=\"\" \/><\/a>\n\t\t\t<\/dt><\/dl><dl class='gallery-item'>\n\t\t\t<dt class='gallery-icon landscape'>\n\t\t\t\t<a href='https:\/\/dodge-trucks.de\/wp-content\/uploads\/2013\/01\/DSCF8061.jpg'><img loading=\"lazy\" decoding=\"async\" width=\"150\" height=\"150\" src=\"https:\/\/dodge-trucks.de\/wp-content\/uploads\/2013\/01\/DSCF8061-150x150.jpg\" class=\"attachment-thumbnail size-thumbnail\" alt=\"\" \/><\/a>\n\t\t\t<\/dt><\/dl><dl class='gallery-item'>\n\t\t\t<dt class='gallery-icon landscape'>\n\t\t\t\t<a href='https:\/\/dodge-trucks.de\/wp-content\/uploads\/2013\/01\/IMG_0301.jpg'><img loading=\"lazy\" decoding=\"async\" width=\"150\" height=\"150\" src=\"https:\/\/dodge-trucks.de\/wp-content\/uploads\/2013\/01\/IMG_0301-150x150.jpg\" class=\"attachment-thumbnail size-thumbnail\" alt=\"\" \/><\/a>\n\t\t\t<\/dt><\/dl><dl class='gallery-item'>\n\t\t\t<dt class='gallery-icon landscape'>\n\t\t\t\t<a href='https:\/\/dodge-trucks.de\/wp-content\/uploads\/2013\/01\/IMG_0302.jpg'><img loading=\"lazy\" decoding=\"async\" width=\"150\" height=\"150\" src=\"https:\/\/dodge-trucks.de\/wp-content\/uploads\/2013\/01\/IMG_0302-150x150.jpg\" class=\"attachment-thumbnail size-thumbnail\" alt=\"\" \/><\/a>\n\t\t\t<\/dt><\/dl><br style=\"clear: both\" \/><dl class='gallery-item'>\n\t\t\t<dt class='gallery-icon landscape'>\n\t\t\t\t<a href='https:\/\/dodge-trucks.de\/wp-content\/uploads\/2013\/01\/IMG_0303.jpg'><img loading=\"lazy\" decoding=\"async\" width=\"150\" height=\"150\" src=\"https:\/\/dodge-trucks.de\/wp-content\/uploads\/2013\/01\/IMG_0303-150x150.jpg\" class=\"attachment-thumbnail size-thumbnail\" alt=\"\" \/><\/a>\n\t\t\t<\/dt><\/dl><dl class='gallery-item'>\n\t\t\t<dt class='gallery-icon landscape'>\n\t\t\t\t<a href='https:\/\/dodge-trucks.de\/wp-content\/uploads\/2013\/01\/IMG_0304.jpg'><img loading=\"lazy\" decoding=\"async\" width=\"150\" height=\"150\" src=\"https:\/\/dodge-trucks.de\/wp-content\/uploads\/2013\/01\/IMG_0304-150x150.jpg\" class=\"attachment-thumbnail size-thumbnail\" alt=\"\" \/><\/a>\n\t\t\t<\/dt><\/dl><dl class='gallery-item'>\n\t\t\t<dt class='gallery-icon landscape'>\n\t\t\t\t<a href='https:\/\/dodge-trucks.de\/wp-content\/uploads\/2013\/01\/IMG_0305.jpg'><img loading=\"lazy\" decoding=\"async\" width=\"150\" height=\"150\" src=\"https:\/\/dodge-trucks.de\/wp-content\/uploads\/2013\/01\/IMG_0305-150x150.jpg\" class=\"attachment-thumbnail size-thumbnail\" alt=\"\" \/><\/a>\n\t\t\t<\/dt><\/dl><dl class='gallery-item'>\n\t\t\t<dt class='gallery-icon landscape'>\n\t\t\t\t<a href='https:\/\/dodge-trucks.de\/wp-content\/uploads\/2013\/01\/IMG_0306.jpg'><img loading=\"lazy\" decoding=\"async\" width=\"150\" height=\"150\" src=\"https:\/\/dodge-trucks.de\/wp-content\/uploads\/2013\/01\/IMG_0306-150x150.jpg\" class=\"attachment-thumbnail size-thumbnail\" alt=\"\" \/><\/a>\n\t\t\t<\/dt><\/dl><br style=\"clear: both\" \/><dl class='gallery-item'>\n\t\t\t<dt class='gallery-icon landscape'>\n\t\t\t\t<a href='https:\/\/dodge-trucks.de\/wp-content\/uploads\/2013\/01\/IMG_0307.jpg'><img loading=\"lazy\" decoding=\"async\" width=\"150\" height=\"150\" src=\"https:\/\/dodge-trucks.de\/wp-content\/uploads\/2013\/01\/IMG_0307-150x150.jpg\" class=\"attachment-thumbnail size-thumbnail\" alt=\"\" \/><\/a>\n\t\t\t<\/dt><\/dl><dl class='gallery-item'>\n\t\t\t<dt class='gallery-icon landscape'>\n\t\t\t\t<a href='https:\/\/dodge-trucks.de\/wp-content\/uploads\/2013\/01\/IMG_0308.jpg'><img loading=\"lazy\" decoding=\"async\" width=\"150\" height=\"150\" src=\"https:\/\/dodge-trucks.de\/wp-content\/uploads\/2013\/01\/IMG_0308-150x150.jpg\" class=\"attachment-thumbnail size-thumbnail\" alt=\"\" \/><\/a>\n\t\t\t<\/dt><\/dl><dl class='gallery-item'>\n\t\t\t<dt class='gallery-icon landscape'>\n\t\t\t\t<a href='https:\/\/dodge-trucks.de\/wp-content\/uploads\/2013\/01\/IMG_0309.jpg'><img loading=\"lazy\" decoding=\"async\" width=\"150\" height=\"150\" src=\"https:\/\/dodge-trucks.de\/wp-content\/uploads\/2013\/01\/IMG_0309-150x150.jpg\" class=\"attachment-thumbnail size-thumbnail\" alt=\"\" \/><\/a>\n\t\t\t<\/dt><\/dl><dl class='gallery-item'>\n\t\t\t<dt class='gallery-icon landscape'>\n\t\t\t\t<a href='https:\/\/dodge-trucks.de\/wp-content\/uploads\/2013\/01\/IMG_0310.jpg'><img loading=\"lazy\" decoding=\"async\" width=\"150\" height=\"150\" src=\"https:\/\/dodge-trucks.de\/wp-content\/uploads\/2013\/01\/IMG_0310-150x150.jpg\" class=\"attachment-thumbnail size-thumbnail\" alt=\"\" \/><\/a>\n\t\t\t<\/dt><\/dl><br style=\"clear: both\" \/><dl class='gallery-item'>\n\t\t\t<dt class='gallery-icon landscape'>\n\t\t\t\t<a href='https:\/\/dodge-trucks.de\/wp-content\/uploads\/2013\/01\/IMG_0311.jpg'><img loading=\"lazy\" decoding=\"async\" width=\"150\" height=\"150\" src=\"https:\/\/dodge-trucks.de\/wp-content\/uploads\/2013\/01\/IMG_0311-150x150.jpg\" class=\"attachment-thumbnail size-thumbnail\" alt=\"\" \/><\/a>\n\t\t\t<\/dt><\/dl><dl class='gallery-item'>\n\t\t\t<dt class='gallery-icon landscape'>\n\t\t\t\t<a href='https:\/\/dodge-trucks.de\/wp-content\/uploads\/2013\/01\/IMG_0312.jpg'><img loading=\"lazy\" decoding=\"async\" width=\"150\" height=\"150\" src=\"https:\/\/dodge-trucks.de\/wp-content\/uploads\/2013\/01\/IMG_0312-150x150.jpg\" class=\"attachment-thumbnail size-thumbnail\" alt=\"\" \/><\/a>\n\t\t\t<\/dt><\/dl><dl class='gallery-item'>\n\t\t\t<dt class='gallery-icon landscape'>\n\t\t\t\t<a href='https:\/\/dodge-trucks.de\/wp-content\/uploads\/2013\/01\/IMG_0313.jpg'><img loading=\"lazy\" decoding=\"async\" width=\"150\" height=\"150\" src=\"https:\/\/dodge-trucks.de\/wp-content\/uploads\/2013\/01\/IMG_0313-150x150.jpg\" class=\"attachment-thumbnail size-thumbnail\" alt=\"\" \/><\/a>\n\t\t\t<\/dt><\/dl><dl class='gallery-item'>\n\t\t\t<dt class='gallery-icon landscape'>\n\t\t\t\t<a href='https:\/\/dodge-trucks.de\/wp-content\/uploads\/2013\/01\/IMG_0314.jpg'><img loading=\"lazy\" decoding=\"async\" width=\"150\" height=\"150\" src=\"https:\/\/dodge-trucks.de\/wp-content\/uploads\/2013\/01\/IMG_0314-150x150.jpg\" class=\"attachment-thumbnail size-thumbnail\" alt=\"\" \/><\/a>\n\t\t\t<\/dt><\/dl><br style=\"clear: both\" \/><dl class='gallery-item'>\n\t\t\t<dt class='gallery-icon landscape'>\n\t\t\t\t<a href='https:\/\/dodge-trucks.de\/wp-content\/uploads\/2013\/01\/IMG_0315.jpg'><img loading=\"lazy\" decoding=\"async\" width=\"150\" height=\"150\" src=\"https:\/\/dodge-trucks.de\/wp-content\/uploads\/2013\/01\/IMG_0315-150x150.jpg\" class=\"attachment-thumbnail size-thumbnail\" alt=\"\" \/><\/a>\n\t\t\t<\/dt><\/dl><dl class='gallery-item'>\n\t\t\t<dt class='gallery-icon landscape'>\n\t\t\t\t<a href='https:\/\/dodge-trucks.de\/wp-content\/uploads\/2013\/01\/IMG_0316.jpg'><img loading=\"lazy\" decoding=\"async\" width=\"150\" height=\"150\" src=\"https:\/\/dodge-trucks.de\/wp-content\/uploads\/2013\/01\/IMG_0316-150x150.jpg\" class=\"attachment-thumbnail size-thumbnail\" alt=\"\" \/><\/a>\n\t\t\t<\/dt><\/dl><dl class='gallery-item'>\n\t\t\t<dt class='gallery-icon landscape'>\n\t\t\t\t<a href='https:\/\/dodge-trucks.de\/wp-content\/uploads\/2013\/01\/IMG_0317.jpg'><img loading=\"lazy\" decoding=\"async\" width=\"150\" height=\"150\" src=\"https:\/\/dodge-trucks.de\/wp-content\/uploads\/2013\/01\/IMG_0317-150x150.jpg\" class=\"attachment-thumbnail size-thumbnail\" alt=\"\" \/><\/a>\n\t\t\t<\/dt><\/dl><dl class='gallery-item'>\n\t\t\t<dt class='gallery-icon landscape'>\n\t\t\t\t<a href='https:\/\/dodge-trucks.de\/wp-content\/uploads\/2013\/01\/IMG_0318.jpg'><img loading=\"lazy\" decoding=\"async\" width=\"150\" height=\"150\" src=\"https:\/\/dodge-trucks.de\/wp-content\/uploads\/2013\/01\/IMG_0318-150x150.jpg\" class=\"attachment-thumbnail size-thumbnail\" alt=\"\" \/><\/a>\n\t\t\t<\/dt><\/dl><br style=\"clear: both\" \/><dl class='gallery-item'>\n\t\t\t<dt class='gallery-icon landscape'>\n\t\t\t\t<a href='https:\/\/dodge-trucks.de\/wp-content\/uploads\/2013\/01\/IMG_0319.jpg'><img loading=\"lazy\" decoding=\"async\" width=\"150\" height=\"150\" src=\"https:\/\/dodge-trucks.de\/wp-content\/uploads\/2013\/01\/IMG_0319-150x150.jpg\" class=\"attachment-thumbnail size-thumbnail\" alt=\"\" \/><\/a>\n\t\t\t<\/dt><\/dl><dl class='gallery-item'>\n\t\t\t<dt class='gallery-icon landscape'>\n\t\t\t\t<a href='https:\/\/dodge-trucks.de\/wp-content\/uploads\/2013\/01\/IMG_0320.jpg'><img loading=\"lazy\" decoding=\"async\" width=\"150\" height=\"150\" src=\"https:\/\/dodge-trucks.de\/wp-content\/uploads\/2013\/01\/IMG_0320-150x150.jpg\" class=\"attachment-thumbnail size-thumbnail\" alt=\"\" \/><\/a>\n\t\t\t<\/dt><\/dl><dl class='gallery-item'>\n\t\t\t<dt class='gallery-icon landscape'>\n\t\t\t\t<a href='https:\/\/dodge-trucks.de\/wp-content\/uploads\/2013\/01\/IMG_0321.jpg'><img loading=\"lazy\" decoding=\"async\" width=\"150\" height=\"150\" src=\"https:\/\/dodge-trucks.de\/wp-content\/uploads\/2013\/01\/IMG_0321-150x150.jpg\" class=\"attachment-thumbnail size-thumbnail\" alt=\"\" \/><\/a>\n\t\t\t<\/dt><\/dl><dl class='gallery-item'>\n\t\t\t<dt class='gallery-icon landscape'>\n\t\t\t\t<a href='https:\/\/dodge-trucks.de\/wp-content\/uploads\/2013\/01\/IMG_0322.jpg'><img loading=\"lazy\" decoding=\"async\" width=\"150\" height=\"150\" src=\"https:\/\/dodge-trucks.de\/wp-content\/uploads\/2013\/01\/IMG_0322-150x150.jpg\" class=\"attachment-thumbnail size-thumbnail\" alt=\"\" \/><\/a>\n\t\t\t<\/dt><\/dl><br style=\"clear: both\" \/><dl class='gallery-item'>\n\t\t\t<dt class='gallery-icon landscape'>\n\t\t\t\t<a href='https:\/\/dodge-trucks.de\/wp-content\/uploads\/2013\/01\/IMG_0323.jpg'><img loading=\"lazy\" decoding=\"async\" width=\"150\" height=\"150\" src=\"https:\/\/dodge-trucks.de\/wp-content\/uploads\/2013\/01\/IMG_0323-150x150.jpg\" class=\"attachment-thumbnail size-thumbnail\" alt=\"\" \/><\/a>\n\t\t\t<\/dt><\/dl><dl class='gallery-item'>\n\t\t\t<dt class='gallery-icon landscape'>\n\t\t\t\t<a href='https:\/\/dodge-trucks.de\/wp-content\/uploads\/2013\/01\/IMG_0376.jpg'><img loading=\"lazy\" decoding=\"async\" width=\"150\" height=\"150\" src=\"https:\/\/dodge-trucks.de\/wp-content\/uploads\/2013\/01\/IMG_0376-150x150.jpg\" class=\"attachment-thumbnail size-thumbnail\" alt=\"\" \/><\/a>\n\t\t\t<\/dt><\/dl><dl class='gallery-item'>\n\t\t\t<dt class='gallery-icon landscape'>\n\t\t\t\t<a href='https:\/\/dodge-trucks.de\/wp-content\/uploads\/2013\/01\/P4051770.jpg'><img loading=\"lazy\" decoding=\"async\" width=\"150\" height=\"150\" src=\"https:\/\/dodge-trucks.de\/wp-content\/uploads\/2013\/01\/P4051770-150x150.jpg\" class=\"attachment-thumbnail size-thumbnail\" alt=\"\" \/><\/a>\n\t\t\t<\/dt><\/dl><dl class='gallery-item'>\n\t\t\t<dt class='gallery-icon landscape'>\n\t\t\t\t<a href='https:\/\/dodge-trucks.de\/wp-content\/uploads\/2013\/01\/qujo3gCG0KGrHgoOKiQEjlLmEZtBKi8w-Oniw_27.jpg'><img loading=\"lazy\" decoding=\"async\" width=\"150\" height=\"150\" src=\"https:\/\/dodge-trucks.de\/wp-content\/uploads\/2013\/01\/qujo3gCG0KGrHgoOKiQEjlLmEZtBKi8w-Oniw_27-150x150.jpg\" class=\"attachment-thumbnail size-thumbnail\" alt=\"\" \/><\/a>\n\t\t\t<\/dt><\/dl><br style=\"clear: both\" \/><dl class='gallery-item'>\n\t\t\t<dt class='gallery-icon landscape'>\n\t\t\t\t<a href='https:\/\/dodge-trucks.de\/wp-content\/uploads\/2013\/01\/qujoMW0KGrHgoOKkUEjlLmTeZqBKi8wyItg_271.jpg'><img loading=\"lazy\" decoding=\"async\" width=\"150\" height=\"150\" src=\"https:\/\/dodge-trucks.de\/wp-content\/uploads\/2013\/01\/qujoMW0KGrHgoOKkUEjlLmTeZqBKi8wyItg_271-150x150.jpg\" class=\"attachment-thumbnail size-thumbnail\" alt=\"\" \/><\/a>\n\t\t\t<\/dt><\/dl><dl class='gallery-item'>\n\t\t\t<dt class='gallery-icon landscape'>\n\t\t\t\t<a href='https:\/\/dodge-trucks.de\/wp-content\/uploads\/2013\/01\/qujorw20KGrHgoOKjcEjlLmYjRBKi8w2dYQ_27.jpg'><img loading=\"lazy\" decoding=\"async\" width=\"150\" height=\"150\" src=\"https:\/\/dodge-trucks.de\/wp-content\/uploads\/2013\/01\/qujorw20KGrHgoOKjcEjlLmYjRBKi8w2dYQ_27-150x150.jpg\" class=\"attachment-thumbnail size-thumbnail\" alt=\"\" \/><\/a>\n\t\t\t<\/dt><\/dl><dl class='gallery-item'>\n\t\t\t<dt class='gallery-icon landscape'>\n\t\t\t\t<a href='https:\/\/dodge-trucks.de\/wp-content\/uploads\/2013\/01\/qujozB20KGrHgoOKkIEjlLmVUyCBKi8w6Rr6g_27.jpg'><img loading=\"lazy\" decoding=\"async\" width=\"150\" height=\"150\" src=\"https:\/\/dodge-trucks.de\/wp-content\/uploads\/2013\/01\/qujozB20KGrHgoOKkIEjlLmVUyCBKi8w6Rr6g_27-150x150.jpg\" class=\"attachment-thumbnail size-thumbnail\" alt=\"\" \/><\/a>\n\t\t\t<\/dt><\/dl><dl class='gallery-item'>\n\t\t\t<dt class='gallery-icon landscape'>\n\t\t\t\t<a href='https:\/\/dodge-trucks.de\/wp-content\/uploads\/2013\/01\/SAM_0058.jpg'><img loading=\"lazy\" decoding=\"async\" width=\"150\" height=\"150\" src=\"https:\/\/dodge-trucks.de\/wp-content\/uploads\/2013\/01\/SAM_0058-150x150.jpg\" class=\"attachment-thumbnail size-thumbnail\" alt=\"\" \/><\/a>\n\t\t\t<\/dt><\/dl><br style=\"clear: both\" \/><dl class='gallery-item'>\n\t\t\t<dt class='gallery-icon landscape'>\n\t\t\t\t<a href='https:\/\/dodge-trucks.de\/wp-content\/uploads\/2013\/01\/SAM_0057.jpg'><img loading=\"lazy\" decoding=\"async\" width=\"150\" height=\"150\" src=\"https:\/\/dodge-trucks.de\/wp-content\/uploads\/2013\/01\/SAM_0057-150x150.jpg\" class=\"attachment-thumbnail size-thumbnail\" alt=\"\" \/><\/a>\n\t\t\t<\/dt><\/dl><dl class='gallery-item'>\n\t\t\t<dt class='gallery-icon landscape'>\n\t\t\t\t<a href='https:\/\/dodge-trucks.de\/wp-content\/uploads\/2013\/01\/SAM_0092.jpg'><img loading=\"lazy\" decoding=\"async\" width=\"150\" height=\"150\" src=\"https:\/\/dodge-trucks.de\/wp-content\/uploads\/2013\/01\/SAM_0092-150x150.jpg\" class=\"attachment-thumbnail size-thumbnail\" alt=\"\" \/><\/a>\n\t\t\t<\/dt><\/dl><dl class='gallery-item'>\n\t\t\t<dt class='gallery-icon landscape'>\n\t\t\t\t<a href='https:\/\/dodge-trucks.de\/wp-content\/uploads\/2013\/01\/SAM_0103-1.jpg'><img loading=\"lazy\" decoding=\"async\" width=\"150\" height=\"150\" src=\"https:\/\/dodge-trucks.de\/wp-content\/uploads\/2013\/01\/SAM_0103-1-150x150.jpg\" class=\"attachment-thumbnail size-thumbnail\" alt=\"\" \/><\/a>\n\t\t\t<\/dt><\/dl><dl class='gallery-item'>\n\t\t\t<dt class='gallery-icon landscape'>\n\t\t\t\t<a href='https:\/\/dodge-trucks.de\/wp-content\/uploads\/2013\/01\/121_330818140342825_1200059475_n.jpg'><img loading=\"lazy\" decoding=\"async\" width=\"150\" height=\"150\" src=\"https:\/\/dodge-trucks.de\/wp-content\/uploads\/2013\/01\/121_330818140342825_1200059475_n-150x150.jpg\" class=\"attachment-thumbnail size-thumbnail\" alt=\"\" \/><\/a>\n\t\t\t<\/dt><\/dl><br style=\"clear: both\" \/><dl class='gallery-item'>\n\t\t\t<dt class='gallery-icon landscape'>\n\t\t\t\t<a href='https:\/\/dodge-trucks.de\/wp-content\/uploads\/2013\/01\/314345_330818040342835_1090426474_n.jpg'><img loading=\"lazy\" decoding=\"async\" width=\"150\" height=\"150\" src=\"https:\/\/dodge-trucks.de\/wp-content\/uploads\/2013\/01\/314345_330818040342835_1090426474_n-150x150.jpg\" class=\"attachment-thumbnail size-thumbnail\" alt=\"\" \/><\/a>\n\t\t\t<\/dt><\/dl><dl class='gallery-item'>\n\t\t\t<dt class='gallery-icon landscape'>\n\t\t\t\t<a href='https:\/\/dodge-trucks.de\/wp-content\/uploads\/2013\/01\/427573_330818007009505_1941678961_n.jpg'><img loading=\"lazy\" decoding=\"async\" width=\"150\" height=\"150\" src=\"https:\/\/dodge-trucks.de\/wp-content\/uploads\/2013\/01\/427573_330818007009505_1941678961_n-150x150.jpg\" class=\"attachment-thumbnail size-thumbnail\" alt=\"\" \/><\/a>\n\t\t\t<\/dt><\/dl><dl class='gallery-item'>\n\t\t\t<dt class='gallery-icon landscape'>\n\t\t\t\t<a href='https:\/\/dodge-trucks.de\/wp-content\/uploads\/2013\/01\/482971_367776719980300_2104406588_n.jpg'><img loading=\"lazy\" decoding=\"async\" width=\"150\" height=\"150\" src=\"https:\/\/dodge-trucks.de\/wp-content\/uploads\/2013\/01\/482971_367776719980300_2104406588_n-150x150.jpg\" class=\"attachment-thumbnail size-thumbnail\" alt=\"\" \/><\/a>\n\t\t\t<\/dt><\/dl><dl class='gallery-item'>\n\t\t\t<dt class='gallery-icon landscape'>\n\t\t\t\t<a href='https:\/\/dodge-trucks.de\/wp-content\/uploads\/2013\/01\/536835_368038276620811_554413872_n.jpg'><img loading=\"lazy\" decoding=\"async\" width=\"150\" height=\"150\" src=\"https:\/\/dodge-trucks.de\/wp-content\/uploads\/2013\/01\/536835_368038276620811_554413872_n-150x150.jpg\" class=\"attachment-thumbnail size-thumbnail\" alt=\"\" srcset=\"https:\/\/dodge-trucks.de\/wp-content\/uploads\/2013\/01\/536835_368038276620811_554413872_n-150x150.jpg 150w, https:\/\/dodge-trucks.de\/wp-content\/uploads\/2013\/01\/536835_368038276620811_554413872_n-300x300.jpg 300w, https:\/\/dodge-trucks.de\/wp-content\/uploads\/2013\/01\/536835_368038276620811_554413872_n.jpg 403w\" sizes=\"auto, (max-width: 150px) 100vw, 150px\" \/><\/a>\n\t\t\t<\/dt><\/dl><br style=\"clear: both\" \/><dl class='gallery-item'>\n\t\t\t<dt class='gallery-icon landscape'>\n\t\t\t\t<a href='https:\/\/dodge-trucks.de\/wp-content\/uploads\/2013\/01\/551949_342491155842190_1382397104_n.jpg'><img loading=\"lazy\" decoding=\"async\" width=\"150\" height=\"150\" src=\"https:\/\/dodge-trucks.de\/wp-content\/uploads\/2013\/01\/551949_342491155842190_1382397104_n-150x150.jpg\" class=\"attachment-thumbnail size-thumbnail\" alt=\"\" \/><\/a>\n\t\t\t<\/dt><\/dl><dl class='gallery-item'>\n\t\t\t<dt class='gallery-icon landscape'>\n\t\t\t\t<a href='https:\/\/dodge-trucks.de\/wp-content\/uploads\/2013\/01\/560903_330818120342827_811110858_n.jpg'><img loading=\"lazy\" decoding=\"async\" width=\"150\" height=\"150\" src=\"https:\/\/dodge-trucks.de\/wp-content\/uploads\/2013\/01\/560903_330818120342827_811110858_n-150x150.jpg\" class=\"attachment-thumbnail size-thumbnail\" alt=\"\" \/><\/a>\n\t\t\t<\/dt><\/dl><dl class='gallery-item'>\n\t\t\t<dt class='gallery-icon landscape'>\n\t\t\t\t<a href='https:\/\/dodge-trucks.de\/wp-content\/uploads\/2013\/01\/561065_330818160342823_346921790_n.jpg'><img loading=\"lazy\" decoding=\"async\" width=\"150\" height=\"150\" src=\"https:\/\/dodge-trucks.de\/wp-content\/uploads\/2013\/01\/561065_330818160342823_346921790_n-150x150.jpg\" class=\"attachment-thumbnail size-thumbnail\" alt=\"\" \/><\/a>\n\t\t\t<\/dt><\/dl><dl class='gallery-item'>\n\t\t\t<dt class='gallery-icon landscape'>\n\t\t\t\t<a href='https:\/\/dodge-trucks.de\/wp-content\/uploads\/2013\/01\/SAM_0090.jpg'><img loading=\"lazy\" decoding=\"async\" width=\"150\" height=\"150\" src=\"https:\/\/dodge-trucks.de\/wp-content\/uploads\/2013\/01\/SAM_0090-150x150.jpg\" class=\"attachment-thumbnail size-thumbnail\" alt=\"\" \/><\/a>\n\t\t\t<\/dt><\/dl><br style=\"clear: both\" \/>\n\t\t<\/div>\n\n<p>&nbsp;<\/p>\n","protected":false},"excerpt":{"rendered":"<p>Eigentlich wollte mein Chef nen Jupiter kaufen. Na ja bei dem H\u00e4ndler stand dann noch das hier: Da ich zu dem Zeitpunkt nur wusste das es da 6 Verschiedene Motoren f\u00fcr gab wollte ich beim Jupiter ansehen Mitfahren. Bei der &hellip; <a href=\"https:\/\/dodge-trucks.de\/?page_id=462\">Weiterlesen <span class=\"meta-nav\">&rarr;<\/span><\/a><\/p>\n","protected":false},"author":3,"featured_media":503,"parent":103,"menu_order":0,"comment_status":"closed","ping_status":"closed","template":"","meta":{"footnotes":""},"class_list":["post-462","page","type-page","status-publish","has-post-thumbnail","hentry"],"_links":{"self":[{"href":"https:\/\/dodge-trucks.de\/index.php?rest_route=\/wp\/v2\/pages\/462","targetHints":{"allow":["GET"]}}],"collection":[{"href":"https:\/\/dodge-trucks.de\/index.php?rest_route=\/wp\/v2\/pages"}],"about":[{"href":"https:\/\/dodge-trucks.de\/index.php?rest_route=\/wp\/v2\/types\/page"}],"author":[{"embeddable":true,"href":"https:\/\/dodge-trucks.de\/index.php?rest_route=\/wp\/v2\/users\/3"}],"replies":[{"embeddable":true,"href":"https:\/\/dodge-trucks.de\/index.php?rest_route=%2Fwp%2Fv2%2Fcomments&post=462"}],"version-history":[{"count":6,"href":"https:\/\/dodge-trucks.de\/index.php?rest_route=\/wp\/v2\/pages\/462\/revisions"}],"predecessor-version":[{"id":2457,"href":"https:\/\/dodge-trucks.de\/index.php?rest_route=\/wp\/v2\/pages\/462\/revisions\/2457"}],"up":[{"embeddable":true,"href":"https:\/\/dodge-trucks.de\/index.php?rest_route=\/wp\/v2\/pages\/103"}],"wp:featuredmedia":[{"embeddable":true,"href":"https:\/\/dodge-trucks.de\/index.php?rest_route=\/wp\/v2\/media\/503"}],"wp:attachment":[{"href":"https:\/\/dodge-trucks.de\/index.php?rest_route=%2Fwp%2Fv2%2Fmedia&parent=462"}],"curies":[{"name":"wp","href":"https:\/\/api.w.org\/{rel}","templated":true}]}}