{"id":248,"date":"2013-01-13T01:09:12","date_gmt":"2013-01-13T00:09:12","guid":{"rendered":"http:\/\/dodge-trucks.de\/?page_id=248"},"modified":"2014-08-25T20:17:58","modified_gmt":"2014-08-25T19:17:58","slug":"dodge-d350-crew-cab","status":"publish","type":"page","link":"https:\/\/dodge-trucks.de\/?page_id=248","title":{"rendered":"1985er Dodge D350 Crew Cab"},"content":{"rendered":"<p><a href=\"https:\/\/dodge-trucks.de\/wp-content\/uploads\/2013\/01\/DSCF8425.jpg\"><img loading=\"lazy\" decoding=\"async\" src=\"https:\/\/dodge-trucks.de\/wp-content\/uploads\/2013\/01\/DSCF8425.jpg\" alt=\"DSCF8425\" width=\"800\" height=\"600\" class=\"aligncenter size-full wp-image-257\" srcset=\"https:\/\/dodge-trucks.de\/wp-content\/uploads\/2013\/01\/DSCF8425.jpg 800w, https:\/\/dodge-trucks.de\/wp-content\/uploads\/2013\/01\/DSCF8425-300x225.jpg 300w, https:\/\/dodge-trucks.de\/wp-content\/uploads\/2013\/01\/DSCF8425-400x300.jpg 400w\" sizes=\"auto, (max-width: 800px) 100vw, 800px\" \/><\/a><br \/>\nDoppelkabine mit langen Radstand und Ladefl\u00e4che&#8230;. hmm das musste ich haben.<br \/>\nCrew Cab with long wheelbase and Long Bed&#8230; Hmm should be mine!<\/p>\n<p>Nat\u00fcrlich konnte der nicht in Airforce Wei\u00df und ganz Serie bleiben!<br \/>\nOf course he could not be Original With and all stock!<\/p>\n<p>Als erstes wollte ich den Werkstatt Koffer von meinem W200 \u00fcbernehmen!<br \/>\nFirst i change the Orignal Bed with the contact maintance Body of my other Truck!<\/p>\n<p>Dann viel mir noch ein Flugzeugschlepper in die H\u00e4nde. Nun genau genommen der Antrieb war es den ich wollte! 5,9l Cummins Turbo Diesel!<br \/>\nThen i could buy an Aircraft Tow Tractor. But it wasn\u00b4t the Tractor i want the Drivetrain! 5,9l Cummins Turbo Diesel!<\/p>\n<p>Ach ja den Lack hab ich dann auch ge\u00e4ndert!<br \/>\nAnd the color,&#8230;. i change it too!<\/p>\n<p>Noch schnell ne ARB Sto\u00dfstange vom Patrol umgebaut!<br \/>\nJust try to fit an ARB Bumper from an Nissan Patrol on the Truck!<\/p>\n<p>Neue Felgen und Reifen andere \u00dcbersetzung in die Hinterachse (3,55)<br \/>\nNew Tires and Rims, Gear Ratio to 3,55<\/p>\n<p>Od Spares aus England hat und dann noch ein Overdrive Getriebe \u00e4hnlich Gear Vendors verkauft!<br \/>\nOd Spares from the Uk sells us an Overdrive Unit like Gear Vendors!<\/p>\n<p>Das Resultat kann sich sehen lassen!<br \/>\nThats the Finished Truck!<\/p>\n<p><a href=\"https:\/\/dodge-trucks.de\/wp-content\/uploads\/2013\/01\/20140824_160237.jpg\"><img loading=\"lazy\" decoding=\"async\" src=\"https:\/\/dodge-trucks.de\/wp-content\/uploads\/2013\/01\/20140824_160237.jpg\" alt=\"20140824_160237\" width=\"1024\" height=\"576\" class=\"aligncenter size-full wp-image-2204\" srcset=\"https:\/\/dodge-trucks.de\/wp-content\/uploads\/2013\/01\/20140824_160237.jpg 1024w, https:\/\/dodge-trucks.de\/wp-content\/uploads\/2013\/01\/20140824_160237-300x168.jpg 300w, https:\/\/dodge-trucks.de\/wp-content\/uploads\/2013\/01\/20140824_160237-500x281.jpg 500w\" sizes=\"auto, (max-width: 1024px) 100vw, 1024px\" \/><\/a><\/p>\n\n\t\t<style type=\"text\/css\">\n\t\t\t#gallery-1 {\n\t\t\t\tmargin: auto;\n\t\t\t}\n\t\t\t#gallery-1 .gallery-item {\n\t\t\t\tfloat: left;\n\t\t\t\tmargin-top: 10px;\n\t\t\t\ttext-align: center;\n\t\t\t\twidth: 33%;\n\t\t\t}\n\t\t\t#gallery-1 img {\n\t\t\t\tborder: 2px solid #cfcfcf;\n\t\t\t}\n\t\t\t#gallery-1 .gallery-caption {\n\t\t\t\tmargin-left: 0;\n\t\t\t}\n\t\t\t\/* see gallery_shortcode() in wp-includes\/media.php *\/\n\t\t<\/style>\n\t\t<div id='gallery-1' class='gallery galleryid-248 gallery-columns-3 gallery-size-thumbnail'><dl class='gallery-item'>\n\t\t\t<dt class='gallery-icon landscape'>\n\t\t\t\t<a href='https:\/\/dodge-trucks.de\/?attachment_id=2203'><img loading=\"lazy\" decoding=\"async\" width=\"150\" height=\"150\" src=\"https:\/\/dodge-trucks.de\/wp-content\/uploads\/2013\/01\/20140824_160227-150x150.jpg\" class=\"attachment-thumbnail size-thumbnail\" alt=\"\" \/><\/a>\n\t\t\t<\/dt><\/dl><dl class='gallery-item'>\n\t\t\t<dt class='gallery-icon landscape'>\n\t\t\t\t<a href='https:\/\/dodge-trucks.de\/?attachment_id=2200'><img loading=\"lazy\" decoding=\"async\" width=\"150\" height=\"150\" src=\"https:\/\/dodge-trucks.de\/wp-content\/uploads\/2013\/01\/20140824_160054-150x150.jpg\" class=\"attachment-thumbnail size-thumbnail\" alt=\"\" \/><\/a>\n\t\t\t<\/dt><\/dl><dl class='gallery-item'>\n\t\t\t<dt class='gallery-icon landscape'>\n\t\t\t\t<a href='https:\/\/dodge-trucks.de\/?attachment_id=2201'><img loading=\"lazy\" decoding=\"async\" width=\"150\" height=\"150\" src=\"https:\/\/dodge-trucks.de\/wp-content\/uploads\/2013\/01\/20140824_160107-150x150.jpg\" class=\"attachment-thumbnail size-thumbnail\" alt=\"\" \/><\/a>\n\t\t\t<\/dt><\/dl><br style=\"clear: both\" \/><dl class='gallery-item'>\n\t\t\t<dt class='gallery-icon landscape'>\n\t\t\t\t<a href='https:\/\/dodge-trucks.de\/?attachment_id=2197'><img loading=\"lazy\" decoding=\"async\" width=\"150\" height=\"150\" src=\"https:\/\/dodge-trucks.de\/wp-content\/uploads\/2013\/01\/20140822_172345-150x150.jpg\" class=\"attachment-thumbnail size-thumbnail\" alt=\"\" \/><\/a>\n\t\t\t<\/dt><\/dl><dl class='gallery-item'>\n\t\t\t<dt class='gallery-icon landscape'>\n\t\t\t\t<a href='https:\/\/dodge-trucks.de\/?attachment_id=2198'><img loading=\"lazy\" decoding=\"async\" width=\"150\" height=\"150\" src=\"https:\/\/dodge-trucks.de\/wp-content\/uploads\/2013\/01\/20140822_172358-150x150.jpg\" class=\"attachment-thumbnail size-thumbnail\" alt=\"\" \/><\/a>\n\t\t\t<\/dt><\/dl><dl class='gallery-item'>\n\t\t\t<dt class='gallery-icon landscape'>\n\t\t\t\t<a href='https:\/\/dodge-trucks.de\/?attachment_id=2199'><img loading=\"lazy\" decoding=\"async\" width=\"150\" height=\"150\" src=\"https:\/\/dodge-trucks.de\/wp-content\/uploads\/2013\/01\/20140823_155819-150x150.jpg\" class=\"attachment-thumbnail size-thumbnail\" alt=\"\" \/><\/a>\n\t\t\t<\/dt><\/dl><br style=\"clear: both\" \/><dl class='gallery-item'>\n\t\t\t<dt class='gallery-icon landscape'>\n\t\t\t\t<a href='https:\/\/dodge-trucks.de\/?attachment_id=2202'><img loading=\"lazy\" decoding=\"async\" width=\"150\" height=\"150\" src=\"https:\/\/dodge-trucks.de\/wp-content\/uploads\/2013\/01\/20140824_160137-150x150.jpg\" class=\"attachment-thumbnail size-thumbnail\" alt=\"\" \/><\/a>\n\t\t\t<\/dt><\/dl><dl class='gallery-item'>\n\t\t\t<dt class='gallery-icon landscape'>\n\t\t\t\t<a href='https:\/\/dodge-trucks.de\/?attachment_id=2204'><img loading=\"lazy\" decoding=\"async\" width=\"150\" height=\"150\" src=\"https:\/\/dodge-trucks.de\/wp-content\/uploads\/2013\/01\/20140824_160237-150x150.jpg\" class=\"attachment-thumbnail size-thumbnail\" alt=\"\" \/><\/a>\n\t\t\t<\/dt><\/dl><dl class='gallery-item'>\n\t\t\t<dt class='gallery-icon landscape'>\n\t\t\t\t<a href='https:\/\/dodge-trucks.de\/?attachment_id=2205'><img loading=\"lazy\" decoding=\"async\" width=\"150\" height=\"150\" src=\"https:\/\/dodge-trucks.de\/wp-content\/uploads\/2013\/01\/20140824_160253-150x150.jpg\" class=\"attachment-thumbnail size-thumbnail\" alt=\"\" \/><\/a>\n\t\t\t<\/dt><\/dl><br style=\"clear: both\" \/><dl class='gallery-item'>\n\t\t\t<dt class='gallery-icon landscape'>\n\t\t\t\t<a href='https:\/\/dodge-trucks.de\/?attachment_id=2206'><img loading=\"lazy\" decoding=\"async\" width=\"150\" height=\"150\" src=\"https:\/\/dodge-trucks.de\/wp-content\/uploads\/2013\/01\/20140824_160259-150x150.jpg\" class=\"attachment-thumbnail size-thumbnail\" alt=\"\" \/><\/a>\n\t\t\t<\/dt><\/dl><dl class='gallery-item'>\n\t\t\t<dt class='gallery-icon landscape'>\n\t\t\t\t<a href='https:\/\/dodge-trucks.de\/?attachment_id=2207'><img loading=\"lazy\" decoding=\"async\" width=\"150\" height=\"150\" src=\"https:\/\/dodge-trucks.de\/wp-content\/uploads\/2013\/01\/20140824_160306-150x150.jpg\" class=\"attachment-thumbnail size-thumbnail\" alt=\"\" \/><\/a>\n\t\t\t<\/dt><\/dl><dl class='gallery-item'>\n\t\t\t<dt class='gallery-icon landscape'>\n\t\t\t\t<a href='https:\/\/dodge-trucks.de\/?attachment_id=2208'><img loading=\"lazy\" decoding=\"async\" width=\"150\" height=\"150\" src=\"https:\/\/dodge-trucks.de\/wp-content\/uploads\/2013\/01\/20140824_160314-150x150.jpg\" class=\"attachment-thumbnail size-thumbnail\" alt=\"\" \/><\/a>\n\t\t\t<\/dt><\/dl><br style=\"clear: both\" \/><dl class='gallery-item'>\n\t\t\t<dt class='gallery-icon landscape'>\n\t\t\t\t<a href='https:\/\/dodge-trucks.de\/?attachment_id=2209'><img loading=\"lazy\" decoding=\"async\" width=\"150\" height=\"150\" src=\"https:\/\/dodge-trucks.de\/wp-content\/uploads\/2013\/01\/20140824_160317-150x150.jpg\" class=\"attachment-thumbnail size-thumbnail\" alt=\"\" \/><\/a>\n\t\t\t<\/dt><\/dl><dl class='gallery-item'>\n\t\t\t<dt class='gallery-icon landscape'>\n\t\t\t\t<a href='https:\/\/dodge-trucks.de\/?attachment_id=2210'><img loading=\"lazy\" decoding=\"async\" width=\"150\" height=\"150\" src=\"https:\/\/dodge-trucks.de\/wp-content\/uploads\/2013\/01\/20140824_160327-150x150.jpg\" class=\"attachment-thumbnail size-thumbnail\" alt=\"\" \/><\/a>\n\t\t\t<\/dt><\/dl><dl class='gallery-item'>\n\t\t\t<dt class='gallery-icon landscape'>\n\t\t\t\t<a href='https:\/\/dodge-trucks.de\/?attachment_id=2164'><img loading=\"lazy\" decoding=\"async\" width=\"150\" height=\"150\" src=\"https:\/\/dodge-trucks.de\/wp-content\/uploads\/2014\/07\/WP_20140712_208-150x150.jpg\" class=\"attachment-thumbnail size-thumbnail\" alt=\"\" \/><\/a>\n\t\t\t<\/dt><\/dl><br style=\"clear: both\" \/><dl class='gallery-item'>\n\t\t\t<dt class='gallery-icon landscape'>\n\t\t\t\t<a href='https:\/\/dodge-trucks.de\/?attachment_id=2165'><img loading=\"lazy\" decoding=\"async\" width=\"150\" height=\"150\" src=\"https:\/\/dodge-trucks.de\/wp-content\/uploads\/2014\/07\/WP_20140712_209-150x150.jpg\" class=\"attachment-thumbnail size-thumbnail\" alt=\"\" \/><\/a>\n\t\t\t<\/dt><\/dl><dl class='gallery-item'>\n\t\t\t<dt class='gallery-icon landscape'>\n\t\t\t\t<a href='https:\/\/dodge-trucks.de\/?attachment_id=2166'><img loading=\"lazy\" decoding=\"async\" width=\"150\" height=\"150\" src=\"https:\/\/dodge-trucks.de\/wp-content\/uploads\/2014\/07\/WP_20140712_210-150x150.jpg\" class=\"attachment-thumbnail size-thumbnail\" alt=\"\" \/><\/a>\n\t\t\t<\/dt><\/dl><dl class='gallery-item'>\n\t\t\t<dt class='gallery-icon landscape'>\n\t\t\t\t<a href='https:\/\/dodge-trucks.de\/?attachment_id=2167'><img loading=\"lazy\" decoding=\"async\" width=\"150\" height=\"150\" src=\"https:\/\/dodge-trucks.de\/wp-content\/uploads\/2014\/07\/WP_20140712_211-150x150.jpg\" class=\"attachment-thumbnail size-thumbnail\" alt=\"\" \/><\/a>\n\t\t\t<\/dt><\/dl><br style=\"clear: both\" \/><dl class='gallery-item'>\n\t\t\t<dt class='gallery-icon landscape'>\n\t\t\t\t<a href='https:\/\/dodge-trucks.de\/?attachment_id=2163'><img loading=\"lazy\" decoding=\"async\" width=\"150\" height=\"150\" src=\"https:\/\/dodge-trucks.de\/wp-content\/uploads\/2014\/07\/WP_20140712_207-150x150.jpg\" class=\"attachment-thumbnail size-thumbnail\" alt=\"\" \/><\/a>\n\t\t\t<\/dt><\/dl><dl class='gallery-item'>\n\t\t\t<dt class='gallery-icon landscape'>\n\t\t\t\t<a href='https:\/\/dodge-trucks.de\/?attachment_id=2161'><img loading=\"lazy\" decoding=\"async\" width=\"150\" height=\"150\" src=\"https:\/\/dodge-trucks.de\/wp-content\/uploads\/2014\/07\/WP_20140712_205-150x150.jpg\" class=\"attachment-thumbnail size-thumbnail\" alt=\"\" \/><\/a>\n\t\t\t<\/dt><\/dl><dl class='gallery-item'>\n\t\t\t<dt class='gallery-icon landscape'>\n\t\t\t\t<a href='https:\/\/dodge-trucks.de\/?attachment_id=2162'><img loading=\"lazy\" decoding=\"async\" width=\"150\" height=\"150\" src=\"https:\/\/dodge-trucks.de\/wp-content\/uploads\/2014\/07\/WP_20140712_206-150x150.jpg\" class=\"attachment-thumbnail size-thumbnail\" alt=\"\" \/><\/a>\n\t\t\t<\/dt><\/dl><br style=\"clear: both\" \/><dl class='gallery-item'>\n\t\t\t<dt class='gallery-icon landscape'>\n\t\t\t\t<a href='https:\/\/dodge-trucks.de\/?attachment_id=2113'><img loading=\"lazy\" decoding=\"async\" width=\"150\" height=\"150\" src=\"https:\/\/dodge-trucks.de\/wp-content\/uploads\/2014\/07\/WP_20140712_156-150x150.jpg\" class=\"attachment-thumbnail size-thumbnail\" alt=\"\" \/><\/a>\n\t\t\t<\/dt><\/dl><dl class='gallery-item'>\n\t\t\t<dt class='gallery-icon landscape'>\n\t\t\t\t<a href='https:\/\/dodge-trucks.de\/?attachment_id=2045'><img loading=\"lazy\" decoding=\"async\" width=\"150\" height=\"150\" src=\"https:\/\/dodge-trucks.de\/wp-content\/uploads\/2014\/07\/WP_20140712_078-150x150.jpg\" class=\"attachment-thumbnail size-thumbnail\" alt=\"\" \/><\/a>\n\t\t\t<\/dt><\/dl><dl class='gallery-item'>\n\t\t\t<dt class='gallery-icon landscape'>\n\t\t\t\t<a href='https:\/\/dodge-trucks.de\/?attachment_id=2039'><img loading=\"lazy\" decoding=\"async\" width=\"150\" height=\"150\" src=\"https:\/\/dodge-trucks.de\/wp-content\/uploads\/2014\/07\/WP_20140712_071-150x150.jpg\" class=\"attachment-thumbnail size-thumbnail\" alt=\"\" \/><\/a>\n\t\t\t<\/dt><\/dl><br style=\"clear: both\" \/>\n\t\t<\/div>\n\n","protected":false},"excerpt":{"rendered":"<p>Doppelkabine mit langen Radstand und Ladefl\u00e4che&#8230;. hmm das musste ich haben. Crew Cab with long wheelbase and Long Bed&#8230; Hmm should be mine! Nat\u00fcrlich konnte der nicht in Airforce Wei\u00df und ganz Serie bleiben! Of course he could not be &hellip; <a href=\"https:\/\/dodge-trucks.de\/?page_id=248\">Weiterlesen <span class=\"meta-nav\">&rarr;<\/span><\/a><\/p>\n","protected":false},"author":3,"featured_media":0,"parent":103,"menu_order":0,"comment_status":"closed","ping_status":"closed","template":"","meta":{"footnotes":""},"class_list":["post-248","page","type-page","status-publish","hentry"],"_links":{"self":[{"href":"https:\/\/dodge-trucks.de\/index.php?rest_route=\/wp\/v2\/pages\/248","targetHints":{"allow":["GET"]}}],"collection":[{"href":"https:\/\/dodge-trucks.de\/index.php?rest_route=\/wp\/v2\/pages"}],"about":[{"href":"https:\/\/dodge-trucks.de\/index.php?rest_route=\/wp\/v2\/types\/page"}],"author":[{"embeddable":true,"href":"https:\/\/dodge-trucks.de\/index.php?rest_route=\/wp\/v2\/users\/3"}],"replies":[{"embeddable":true,"href":"https:\/\/dodge-trucks.de\/index.php?rest_route=%2Fwp%2Fv2%2Fcomments&post=248"}],"version-history":[{"count":7,"href":"https:\/\/dodge-trucks.de\/index.php?rest_route=\/wp\/v2\/pages\/248\/revisions"}],"predecessor-version":[{"id":1763,"href":"https:\/\/dodge-trucks.de\/index.php?rest_route=\/wp\/v2\/pages\/248\/revisions\/1763"}],"up":[{"embeddable":true,"href":"https:\/\/dodge-trucks.de\/index.php?rest_route=\/wp\/v2\/pages\/103"}],"wp:attachment":[{"href":"https:\/\/dodge-trucks.de\/index.php?rest_route=%2Fwp%2Fv2%2Fmedia&parent=248"}],"curies":[{"name":"wp","href":"https:\/\/api.w.org\/{rel}","templated":true}]}}