{"id":1511,"date":"2013-08-21T21:02:33","date_gmt":"2013-08-21T20:02:33","guid":{"rendered":"http:\/\/dodge-trucks.de\/?page_id=1511"},"modified":"2013-08-21T21:02:33","modified_gmt":"2013-08-21T20:02:33","slug":"holgers-w350-meb","status":"publish","type":"page","link":"https:\/\/dodge-trucks.de\/?page_id=1511","title":{"rendered":"Holgers W350 MEB"},"content":{"rendered":"<p><a href=\"https:\/\/dodge-trucks.de\/wp-content\/uploads\/2013\/08\/7019744geb.jpg\"><img loading=\"lazy\" decoding=\"async\" class=\"aligncenter size-full wp-image-1512\" title=\"KONICA MINOLTA DIGITAL CAMERA\" src=\"https:\/\/dodge-trucks.de\/wp-content\/uploads\/2013\/08\/7019744geb.jpg\" alt=\"\" width=\"700\" height=\"525\" srcset=\"https:\/\/dodge-trucks.de\/wp-content\/uploads\/2013\/08\/7019744geb.jpg 700w, https:\/\/dodge-trucks.de\/wp-content\/uploads\/2013\/08\/7019744geb-300x225.jpg 300w, https:\/\/dodge-trucks.de\/wp-content\/uploads\/2013\/08\/7019744geb-400x300.jpg 400w\" sizes=\"auto, (max-width: 700px) 100vw, 700px\" \/><\/a><\/p>\n<p>Motor 318er (noch) &#8230;<br \/>\nGetr. 727 + NP 203 &#8230;<br \/>\nLPG Anlage 2x90l unter Ladefl\u00e4che &#8230;<br \/>\nAchsen vorn Dana 44 hinten Dana 60 &#8230;<br \/>\nR\u00e4der 33&#215;15,50&#215;16,5 LT Super Swamper auf Stahlfelge 12&#215;16,5 &#8230;<br \/>\nFlipfront Stahl MEB &#8230;<br \/>\nSto\u00dfstange vorn K5 hinten MEB &#8230;<br \/>\nEinzelsitze Leder mit Arschw\u00e4rmer &#8230;\n\t\t<style type=\"text\/css\">\n\t\t\t#gallery-1 {\n\t\t\t\tmargin: auto;\n\t\t\t}\n\t\t\t#gallery-1 .gallery-item {\n\t\t\t\tfloat: left;\n\t\t\t\tmargin-top: 10px;\n\t\t\t\ttext-align: center;\n\t\t\t\twidth: 20%;\n\t\t\t}\n\t\t\t#gallery-1 img {\n\t\t\t\tborder: 2px solid #cfcfcf;\n\t\t\t}\n\t\t\t#gallery-1 .gallery-caption {\n\t\t\t\tmargin-left: 0;\n\t\t\t}\n\t\t\t\/* see gallery_shortcode() in wp-includes\/media.php *\/\n\t\t<\/style>\n\t\t<div id='gallery-1' class='gallery galleryid-1511 gallery-columns-5 gallery-size-thumbnail'><dl class='gallery-item'>\n\t\t\t<dt class='gallery-icon landscape'>\n\t\t\t\t<a href='https:\/\/dodge-trucks.de\/wp-content\/uploads\/2013\/08\/7019744geb.jpg'><img loading=\"lazy\" decoding=\"async\" width=\"150\" height=\"150\" src=\"https:\/\/dodge-trucks.de\/wp-content\/uploads\/2013\/08\/7019744geb-150x150.jpg\" class=\"attachment-thumbnail size-thumbnail\" alt=\"\" \/><\/a>\n\t\t\t<\/dt><\/dl><dl class='gallery-item'>\n\t\t\t<dt class='gallery-icon landscape'>\n\t\t\t\t<a href='https:\/\/dodge-trucks.de\/wp-content\/uploads\/2013\/08\/7019745reg.jpg'><img loading=\"lazy\" decoding=\"async\" width=\"150\" height=\"150\" src=\"https:\/\/dodge-trucks.de\/wp-content\/uploads\/2013\/08\/7019745reg-150x150.jpg\" class=\"attachment-thumbnail size-thumbnail\" alt=\"\" \/><\/a>\n\t\t\t<\/dt><\/dl><dl class='gallery-item'>\n\t\t\t<dt class='gallery-icon landscape'>\n\t\t\t\t<a href='https:\/\/dodge-trucks.de\/wp-content\/uploads\/2013\/08\/7019746qzh.jpg'><img loading=\"lazy\" decoding=\"async\" width=\"150\" height=\"150\" src=\"https:\/\/dodge-trucks.de\/wp-content\/uploads\/2013\/08\/7019746qzh-150x150.jpg\" class=\"attachment-thumbnail size-thumbnail\" alt=\"\" \/><\/a>\n\t\t\t<\/dt><\/dl><dl class='gallery-item'>\n\t\t\t<dt class='gallery-icon landscape'>\n\t\t\t\t<a href='https:\/\/dodge-trucks.de\/wp-content\/uploads\/2013\/08\/7019747tkf.jpg'><img loading=\"lazy\" decoding=\"async\" width=\"150\" height=\"150\" src=\"https:\/\/dodge-trucks.de\/wp-content\/uploads\/2013\/08\/7019747tkf-150x150.jpg\" class=\"attachment-thumbnail size-thumbnail\" alt=\"\" \/><\/a>\n\t\t\t<\/dt><\/dl><dl class='gallery-item'>\n\t\t\t<dt class='gallery-icon landscape'>\n\t\t\t\t<a href='https:\/\/dodge-trucks.de\/wp-content\/uploads\/2013\/08\/7019748xtx.jpg'><img loading=\"lazy\" decoding=\"async\" width=\"150\" height=\"150\" src=\"https:\/\/dodge-trucks.de\/wp-content\/uploads\/2013\/08\/7019748xtx-150x150.jpg\" class=\"attachment-thumbnail size-thumbnail\" alt=\"\" \/><\/a>\n\t\t\t<\/dt><\/dl><br style=\"clear: both\" \/><dl class='gallery-item'>\n\t\t\t<dt class='gallery-icon landscape'>\n\t\t\t\t<a href='https:\/\/dodge-trucks.de\/wp-content\/uploads\/2013\/08\/7019749zcl.jpg'><img loading=\"lazy\" decoding=\"async\" width=\"150\" height=\"150\" src=\"https:\/\/dodge-trucks.de\/wp-content\/uploads\/2013\/08\/7019749zcl-150x150.jpg\" class=\"attachment-thumbnail size-thumbnail\" alt=\"\" \/><\/a>\n\t\t\t<\/dt><\/dl><dl class='gallery-item'>\n\t\t\t<dt class='gallery-icon landscape'>\n\t\t\t\t<a href='https:\/\/dodge-trucks.de\/wp-content\/uploads\/2013\/08\/7019750ecr.jpg'><img loading=\"lazy\" decoding=\"async\" width=\"150\" height=\"150\" src=\"https:\/\/dodge-trucks.de\/wp-content\/uploads\/2013\/08\/7019750ecr-150x150.jpg\" class=\"attachment-thumbnail size-thumbnail\" alt=\"\" \/><\/a>\n\t\t\t<\/dt><\/dl><dl class='gallery-item'>\n\t\t\t<dt class='gallery-icon landscape'>\n\t\t\t\t<a href='https:\/\/dodge-trucks.de\/wp-content\/uploads\/2013\/08\/7019751pze.jpg'><img loading=\"lazy\" decoding=\"async\" width=\"150\" height=\"150\" src=\"https:\/\/dodge-trucks.de\/wp-content\/uploads\/2013\/08\/7019751pze-150x150.jpg\" class=\"attachment-thumbnail size-thumbnail\" alt=\"\" \/><\/a>\n\t\t\t<\/dt><\/dl><dl class='gallery-item'>\n\t\t\t<dt class='gallery-icon landscape'>\n\t\t\t\t<a href='https:\/\/dodge-trucks.de\/wp-content\/uploads\/2013\/08\/7019752jbl.jpg'><img loading=\"lazy\" decoding=\"async\" width=\"150\" height=\"150\" src=\"https:\/\/dodge-trucks.de\/wp-content\/uploads\/2013\/08\/7019752jbl-150x150.jpg\" class=\"attachment-thumbnail size-thumbnail\" alt=\"\" \/><\/a>\n\t\t\t<\/dt><\/dl><dl class='gallery-item'>\n\t\t\t<dt class='gallery-icon landscape'>\n\t\t\t\t<a href='https:\/\/dodge-trucks.de\/wp-content\/uploads\/2013\/08\/7019753nkr.jpg'><img loading=\"lazy\" decoding=\"async\" width=\"150\" height=\"150\" src=\"https:\/\/dodge-trucks.de\/wp-content\/uploads\/2013\/08\/7019753nkr-150x150.jpg\" class=\"attachment-thumbnail size-thumbnail\" alt=\"\" \/><\/a>\n\t\t\t<\/dt><\/dl><br style=\"clear: both\" \/><dl class='gallery-item'>\n\t\t\t<dt class='gallery-icon landscape'>\n\t\t\t\t<a href='https:\/\/dodge-trucks.de\/wp-content\/uploads\/2013\/08\/7019808ngy.jpg'><img loading=\"lazy\" decoding=\"async\" width=\"150\" height=\"150\" src=\"https:\/\/dodge-trucks.de\/wp-content\/uploads\/2013\/08\/7019808ngy-150x150.jpg\" class=\"attachment-thumbnail size-thumbnail\" alt=\"\" \/><\/a>\n\t\t\t<\/dt><\/dl><dl class='gallery-item'>\n\t\t\t<dt class='gallery-icon landscape'>\n\t\t\t\t<a href='https:\/\/dodge-trucks.de\/wp-content\/uploads\/2013\/08\/7019809qpe.jpg'><img loading=\"lazy\" decoding=\"async\" width=\"150\" height=\"150\" src=\"https:\/\/dodge-trucks.de\/wp-content\/uploads\/2013\/08\/7019809qpe-150x150.jpg\" class=\"attachment-thumbnail size-thumbnail\" alt=\"\" \/><\/a>\n\t\t\t<\/dt><\/dl><dl class='gallery-item'>\n\t\t\t<dt class='gallery-icon landscape'>\n\t\t\t\t<a href='https:\/\/dodge-trucks.de\/wp-content\/uploads\/2013\/08\/7019810zly.jpg'><img loading=\"lazy\" decoding=\"async\" width=\"150\" height=\"150\" src=\"https:\/\/dodge-trucks.de\/wp-content\/uploads\/2013\/08\/7019810zly-150x150.jpg\" class=\"attachment-thumbnail size-thumbnail\" alt=\"\" \/><\/a>\n\t\t\t<\/dt><\/dl><dl class='gallery-item'>\n\t\t\t<dt class='gallery-icon landscape'>\n\t\t\t\t<a href='https:\/\/dodge-trucks.de\/wp-content\/uploads\/2013\/08\/7019811vel.jpg'><img loading=\"lazy\" decoding=\"async\" width=\"150\" height=\"150\" src=\"https:\/\/dodge-trucks.de\/wp-content\/uploads\/2013\/08\/7019811vel-150x150.jpg\" class=\"attachment-thumbnail size-thumbnail\" alt=\"\" \/><\/a>\n\t\t\t<\/dt><\/dl><dl class='gallery-item'>\n\t\t\t<dt class='gallery-icon landscape'>\n\t\t\t\t<a href='https:\/\/dodge-trucks.de\/wp-content\/uploads\/2013\/08\/7019812obk.jpg'><img loading=\"lazy\" decoding=\"async\" width=\"150\" height=\"150\" src=\"https:\/\/dodge-trucks.de\/wp-content\/uploads\/2013\/08\/7019812obk-150x150.jpg\" class=\"attachment-thumbnail size-thumbnail\" alt=\"\" \/><\/a>\n\t\t\t<\/dt><\/dl><br style=\"clear: both\" \/><dl class='gallery-item'>\n\t\t\t<dt class='gallery-icon landscape'>\n\t\t\t\t<a href='https:\/\/dodge-trucks.de\/wp-content\/uploads\/2013\/08\/7019813jtq.jpg'><img loading=\"lazy\" decoding=\"async\" width=\"150\" height=\"150\" src=\"https:\/\/dodge-trucks.de\/wp-content\/uploads\/2013\/08\/7019813jtq-150x150.jpg\" class=\"attachment-thumbnail size-thumbnail\" alt=\"\" \/><\/a>\n\t\t\t<\/dt><\/dl><dl class='gallery-item'>\n\t\t\t<dt class='gallery-icon landscape'>\n\t\t\t\t<a href='https:\/\/dodge-trucks.de\/wp-content\/uploads\/2013\/08\/7019814myg.jpg'><img loading=\"lazy\" decoding=\"async\" width=\"150\" height=\"150\" src=\"https:\/\/dodge-trucks.de\/wp-content\/uploads\/2013\/08\/7019814myg-150x150.jpg\" class=\"attachment-thumbnail size-thumbnail\" alt=\"\" \/><\/a>\n\t\t\t<\/dt><\/dl><dl class='gallery-item'>\n\t\t\t<dt class='gallery-icon landscape'>\n\t\t\t\t<a href='https:\/\/dodge-trucks.de\/wp-content\/uploads\/2013\/08\/7019815qkm.jpg'><img loading=\"lazy\" decoding=\"async\" width=\"150\" height=\"150\" src=\"https:\/\/dodge-trucks.de\/wp-content\/uploads\/2013\/08\/7019815qkm-150x150.jpg\" class=\"attachment-thumbnail size-thumbnail\" alt=\"\" \/><\/a>\n\t\t\t<\/dt><\/dl><dl class='gallery-item'>\n\t\t\t<dt class='gallery-icon landscape'>\n\t\t\t\t<a href='https:\/\/dodge-trucks.de\/wp-content\/uploads\/2013\/08\/7019816iro.jpg'><img loading=\"lazy\" decoding=\"async\" width=\"150\" height=\"150\" src=\"https:\/\/dodge-trucks.de\/wp-content\/uploads\/2013\/08\/7019816iro-150x150.jpg\" class=\"attachment-thumbnail size-thumbnail\" alt=\"\" \/><\/a>\n\t\t\t<\/dt><\/dl><dl class='gallery-item'>\n\t\t\t<dt class='gallery-icon landscape'>\n\t\t\t\t<a href='https:\/\/dodge-trucks.de\/wp-content\/uploads\/2013\/08\/7019817qzq.jpg'><img loading=\"lazy\" decoding=\"async\" width=\"150\" height=\"150\" src=\"https:\/\/dodge-trucks.de\/wp-content\/uploads\/2013\/08\/7019817qzq-150x150.jpg\" class=\"attachment-thumbnail size-thumbnail\" alt=\"\" \/><\/a>\n\t\t\t<\/dt><\/dl><br style=\"clear: both\" \/><dl class='gallery-item'>\n\t\t\t<dt class='gallery-icon landscape'>\n\t\t\t\t<a href='https:\/\/dodge-trucks.de\/wp-content\/uploads\/2013\/08\/7072255hwe.jpg'><img loading=\"lazy\" decoding=\"async\" width=\"150\" height=\"150\" src=\"https:\/\/dodge-trucks.de\/wp-content\/uploads\/2013\/08\/7072255hwe-150x150.jpg\" class=\"attachment-thumbnail size-thumbnail\" alt=\"\" \/><\/a>\n\t\t\t<\/dt><\/dl><dl class='gallery-item'>\n\t\t\t<dt class='gallery-icon landscape'>\n\t\t\t\t<a href='https:\/\/dodge-trucks.de\/wp-content\/uploads\/2013\/08\/7072256wez.jpg'><img loading=\"lazy\" decoding=\"async\" width=\"150\" height=\"150\" src=\"https:\/\/dodge-trucks.de\/wp-content\/uploads\/2013\/08\/7072256wez-150x150.jpg\" class=\"attachment-thumbnail size-thumbnail\" alt=\"\" \/><\/a>\n\t\t\t<\/dt><\/dl>\n\t\t\t<br style='clear: both' \/>\n\t\t<\/div>\n<\/p>\n","protected":false},"excerpt":{"rendered":"<p>Motor 318er (noch) &#8230; Getr. 727 + NP 203 &#8230; LPG Anlage 2x90l unter Ladefl\u00e4che &#8230; Achsen vorn Dana 44 hinten Dana 60 &#8230; R\u00e4der 33&#215;15,50&#215;16,5 LT Super Swamper auf Stahlfelge 12&#215;16,5 &#8230; Flipfront Stahl MEB &#8230; Sto\u00dfstange vorn K5 &hellip; <a href=\"https:\/\/dodge-trucks.de\/?page_id=1511\">Weiterlesen <span class=\"meta-nav\">&rarr;<\/span><\/a><\/p>\n","protected":false},"author":3,"featured_media":0,"parent":76,"menu_order":0,"comment_status":"closed","ping_status":"closed","template":"","meta":{"footnotes":""},"class_list":["post-1511","page","type-page","status-publish","hentry"],"_links":{"self":[{"href":"https:\/\/dodge-trucks.de\/index.php?rest_route=\/wp\/v2\/pages\/1511","targetHints":{"allow":["GET"]}}],"collection":[{"href":"https:\/\/dodge-trucks.de\/index.php?rest_route=\/wp\/v2\/pages"}],"about":[{"href":"https:\/\/dodge-trucks.de\/index.php?rest_route=\/wp\/v2\/types\/page"}],"author":[{"embeddable":true,"href":"https:\/\/dodge-trucks.de\/index.php?rest_route=\/wp\/v2\/users\/3"}],"replies":[{"embeddable":true,"href":"https:\/\/dodge-trucks.de\/index.php?rest_route=%2Fwp%2Fv2%2Fcomments&post=1511"}],"version-history":[{"count":1,"href":"https:\/\/dodge-trucks.de\/index.php?rest_route=\/wp\/v2\/pages\/1511\/revisions"}],"predecessor-version":[{"id":1534,"href":"https:\/\/dodge-trucks.de\/index.php?rest_route=\/wp\/v2\/pages\/1511\/revisions\/1534"}],"up":[{"embeddable":true,"href":"https:\/\/dodge-trucks.de\/index.php?rest_route=\/wp\/v2\/pages\/76"}],"wp:attachment":[{"href":"https:\/\/dodge-trucks.de\/index.php?rest_route=%2Fwp%2Fv2%2Fmedia&parent=1511"}],"curies":[{"name":"wp","href":"https:\/\/api.w.org\/{rel}","templated":true}]}}